{"id":1974,"date":"2023-09-11T14:44:04","date_gmt":"2023-09-11T12:44:04","guid":{"rendered":"http:\/\/aboutblu.nelquadrato.com\/download\/"},"modified":"2023-11-20T20:07:09","modified_gmt":"2023-11-20T19:07:09","slug":"download","status":"publish","type":"page","link":"https:\/\/aboutblu.nelquadrato.com\/fr\/download\/","title":{"rendered":"Download"},"content":{"rendered":"\n<p>Pour t\u00e9l\u00e9charger le catalogue, veuillez remplir le formulaire ci-dessous dans tous ses domaines et vous recevrez par email le lien.<\/p>\n\n<p><strong>Vous avez oubli\u00e9 votre mot de passe? R\u00e9cup\u00e9rez-le ici!<\/strong><\/p>\n","protected":false},"excerpt":{"rendered":"<p>Pour t\u00e9l\u00e9charger le catalogue, veuillez remplir le formulaire ci-dessous dans tous ses domaines et vous recevrez par email le lien. Vous avez oubli\u00e9 votre mot de passe? R\u00e9cup\u00e9rez-le ici!<\/p>\n","protected":false},"author":1,"featured_media":0,"parent":0,"menu_order":0,"comment_status":"closed","ping_status":"closed","template":"template-download.php","meta":{"footnotes":""},"class_list":["post-1974","page","type-page","status-publish","hentry"],"acf":[],"_links":{"self":[{"href":"https:\/\/aboutblu.nelquadrato.com\/fr\/wp-json\/wp\/v2\/pages\/1974","targetHints":{"allow":["GET"]}}],"collection":[{"href":"https:\/\/aboutblu.nelquadrato.com\/fr\/wp-json\/wp\/v2\/pages"}],"about":[{"href":"https:\/\/aboutblu.nelquadrato.com\/fr\/wp-json\/wp\/v2\/types\/page"}],"author":[{"embeddable":true,"href":"https:\/\/aboutblu.nelquadrato.com\/fr\/wp-json\/wp\/v2\/users\/1"}],"replies":[{"embeddable":true,"href":"https:\/\/aboutblu.nelquadrato.com\/fr\/wp-json\/wp\/v2\/comments?post=1974"}],"version-history":[{"count":1,"href":"https:\/\/aboutblu.nelquadrato.com\/fr\/wp-json\/wp\/v2\/pages\/1974\/revisions"}],"predecessor-version":[{"id":1975,"href":"https:\/\/aboutblu.nelquadrato.com\/fr\/wp-json\/wp\/v2\/pages\/1974\/revisions\/1975"}],"wp:attachment":[{"href":"https:\/\/aboutblu.nelquadrato.com\/fr\/wp-json\/wp\/v2\/media?parent=1974"}],"curies":[{"name":"wp","href":"https:\/\/api.w.org\/{rel}","templated":true}]}}