{"id":1959,"date":"2023-07-04T15:02:28","date_gmt":"2023-07-04T13:02:28","guid":{"rendered":"http:\/\/aboutblu.nelquadrato.com\/aboutblu\/"},"modified":"2023-12-23T19:15:12","modified_gmt":"2023-12-23T18:15:12","slug":"aboutblu","status":"publish","type":"page","link":"https:\/\/aboutblu.nelquadrato.com\/fr\/","title":{"rendered":"Aboutblu"},"content":{"rendered":"\n<div class=\"relative max-w-7xl px-8 mx-auto flex lg:min-h-[350px] xl:min-h-[500px] ab-home-section-block\">\n\n    <div class=\"relative w-[26rem] overflow-hidden md:overflow-visible mx-auto md:w-full flex flex-col md:flex-row ab-sec-sx\" data-aos=\"ab-home-section\">\n\n        <div class=\"ab-shade relative flex flex-col gap-7 md:gap-8 justify-between px-8 pt-8 md:pb-16 md:w-[70%] lg:w-3\/5 xl:w-1\/2 lg:p-12 mx:px-20 md:overflow-hidden bg-lime md:bg-transparent  z-10\">\n            <svg class=\"hidden md:block absolute h-auto w-full top-0 text-lime left-0\" viewBox=\"0 0 680 680\" xmlns=\"http:\/\/www.w3.org\/2000\/svg\">\n                <path class=\"origin-center rotate-90 md:rotate-0\" d=\"M 0 0 L 680 0 L 352.918 680 L 0 680 L 0 0 Z\" style=\"fill: currentColor;\"><\/path>\n            <\/svg>\n            <svg class=\"md:hidden absolute w-full h-auto bottom-0 left-0 scale-[1.02] translate-y-full text-lime \" viewBox=\"0 0 570 274\" xmlns=\"http:\/\/www.w3.org\/2000\/svg\">\n                <path d=\"M 0 0 L 570 0 L 0 274.007 L 0 0 Z\" style=\"fill: currentColor;\"><\/path>\n            <\/svg>\n            <div class=\"relative max-w-lg \">\n                <h2 class=\"titolone uppercase mb-5 lg:mb-8 text-blue\">LA CHAUSSURE QUI FAIT DU BIEN<\/h2>\n                <div class=\"testo md:pr-28 lg:pr-28 text-blue\">Chez Aboutblu, tout contribue au plus haut niveau de bien-\u00eatre et de s\u00e9curit\u00e9 : les mat\u00e9riaux, la forme et les technologies.<\/div>\n            <\/div>\n            \n                            <div class=\"relative \">\n                    <a href=\"\/en\/prodotti\" class=\"cta absolute md:relative bg-blue text-white hover:bg-aqua\">TOUS LES MOD\u00c8LES<\/a>\n                <\/div>\n                    <\/div>\n\n                                <img loading=\"lazy\" decoding=\"async\" width=\"1024\" height=\"762\" src=\"https:\/\/aboutblu.nelquadrato.com\/wp-content\/uploads\/I4A3001-copia-e1697637596302-1024x762.jpg\" class=\"right-0 lg:[clip-path:polygon(45%_0,_100%_0,_100%_100%,_19%_100%)] xl:[clip-path:polygon(31%_0,_100%_0,_100%_100%,_4%_100%)] hidden md:block absolute md:w-[73%] max-w-full w-full top-0 h-full object-center object-cover ab-image\" alt=\"\" srcset=\"https:\/\/aboutblu.nelquadrato.com\/wp-content\/uploads\/I4A3001-copia-e1697637596302-1024x762.jpg 1024w, https:\/\/aboutblu.nelquadrato.com\/wp-content\/uploads\/I4A3001-copia-e1697637596302-300x223.jpg 300w, https:\/\/aboutblu.nelquadrato.com\/wp-content\/uploads\/I4A3001-copia-e1697637596302-768x571.jpg 768w, https:\/\/aboutblu.nelquadrato.com\/wp-content\/uploads\/I4A3001-copia-e1697637596302.jpg 1450w\" sizes=\"auto, (max-width: 1024px) 100vw, 1024px\" \/>        \n                    <img loading=\"lazy\" decoding=\"async\" width=\"704\" height=\"1024\" src=\"https:\/\/aboutblu.nelquadrato.com\/wp-content\/uploads\/I4A3001-copia-2-704x1024.jpg\" class=\"md:hidden max-w-full w-full ab-image\" alt=\"\" srcset=\"https:\/\/aboutblu.nelquadrato.com\/wp-content\/uploads\/I4A3001-copia-2-704x1024.jpg 704w, https:\/\/aboutblu.nelquadrato.com\/wp-content\/uploads\/I4A3001-copia-2-206x300.jpg 206w, https:\/\/aboutblu.nelquadrato.com\/wp-content\/uploads\/I4A3001-copia-2-768x1117.jpg 768w, https:\/\/aboutblu.nelquadrato.com\/wp-content\/uploads\/I4A3001-copia-2.jpg 1000w\" sizes=\"auto, (max-width: 704px) 100vw, 704px\" \/>            <\/div>\n\n\n<\/div>\n\n\n<div style=\"height:115px\" aria-hidden=\"true\" class=\"wp-block-spacer\"><\/div>\n\n\n\n<div class=\"relative max-w-7xl px-8 mx-auto flex lg:min-h-[350px] xl:min-h-[500px] ab-home-section-block\">\n\n    <div class=\"relative w-[26rem] overflow-hidden md:overflow-visible mx-auto md:w-full flex flex-col md:flex-row-reverse ab-sec-dx\" data-aos=\"ab-home-section\">\n\n        <div class=\"ab-shade relative flex flex-col gap-7 md:gap-8 justify-between px-8 pt-8 md:pb-16 md:w-[70%] lg:w-3\/5 xl:w-1\/2 lg:p-12 mx:px-20 md:overflow-hidden bg-red md:bg-transparent md:items-end z-10\">\n            <svg class=\"hidden md:block absolute h-auto w-full top-0 text-red right-0 -scale-x-100 origin-center\" viewBox=\"0 0 680 680\" xmlns=\"http:\/\/www.w3.org\/2000\/svg\">\n                <path class=\"origin-center rotate-90 md:rotate-0\" d=\"M 0 0 L 680 0 L 352.918 680 L 0 680 L 0 0 Z\" style=\"fill: currentColor;\"><\/path>\n            <\/svg>\n            <svg class=\"md:hidden absolute w-full h-auto bottom-0 left-0 scale-[1.02] translate-y-full text-red -scale-x-100 origin-center\" viewBox=\"0 0 570 274\" xmlns=\"http:\/\/www.w3.org\/2000\/svg\">\n                <path d=\"M 0 0 L 570 0 L 0 274.007 L 0 0 Z\" style=\"fill: currentColor;\"><\/path>\n            <\/svg>\n            <div class=\"relative max-w-lg text-right\">\n                <h2 class=\"titolone uppercase mb-5 lg:mb-8 text-white\">TECHNOLOGIE + MAT\u00c9RIAUX = S\u00c9CURIT\u00c9<\/h2>\n                <div class=\"testo md:pl-28 lg:pl-28 text-white\">Les chaussures de s\u00e9curit\u00e9 Aboutblu offrent le plus haut niveau de s\u00e9curit\u00e9 possible dans leur classe de protection gr\u00e2ce \u00e0 l&rsquo;utilisation de composants absolument excellents et de technologies de pointe.<\/div>\n            <\/div>\n            \n                            <div class=\"relative flex justify-end\">\n                    <a href=\"\/fr\/le-confort-scientifique\/\" class=\"cta absolute md:relative bg-light-blue text-white hover:bg-lime\">D\u00c9COUVREZ<\/a>\n                <\/div>\n                    <\/div>\n\n                                <img loading=\"lazy\" decoding=\"async\" width=\"1024\" height=\"732\" src=\"https:\/\/aboutblu.nelquadrato.com\/wp-content\/uploads\/I4A3656-copia-2-e1697637699480-1024x732.jpg\" class=\"left-0 lg:[clip-path:polygon(0%_0,_55%_0,_83%_100%,_0_100%)] xl:[clip-path:polygon(0%_0,_70%_0,_96%_100%,_0_100%)] hidden md:block absolute md:w-[73%] max-w-full w-full top-0 h-full object-center object-cover ab-image\" alt=\"\" srcset=\"https:\/\/aboutblu.nelquadrato.com\/wp-content\/uploads\/I4A3656-copia-2-e1697637699480-1024x732.jpg 1024w, https:\/\/aboutblu.nelquadrato.com\/wp-content\/uploads\/I4A3656-copia-2-e1697637699480-300x214.jpg 300w, https:\/\/aboutblu.nelquadrato.com\/wp-content\/uploads\/I4A3656-copia-2-e1697637699480-768x549.jpg 768w, https:\/\/aboutblu.nelquadrato.com\/wp-content\/uploads\/I4A3656-copia-2-e1697637699480.jpg 1510w\" sizes=\"auto, (max-width: 1024px) 100vw, 1024px\" \/>        \n                    <img loading=\"lazy\" decoding=\"async\" width=\"704\" height=\"1024\" src=\"https:\/\/aboutblu.nelquadrato.com\/wp-content\/uploads\/I4A3656-copia-3-704x1024.jpg\" class=\"md:hidden max-w-full w-full ab-image\" alt=\"\" srcset=\"https:\/\/aboutblu.nelquadrato.com\/wp-content\/uploads\/I4A3656-copia-3-704x1024.jpg 704w, https:\/\/aboutblu.nelquadrato.com\/wp-content\/uploads\/I4A3656-copia-3-206x300.jpg 206w, https:\/\/aboutblu.nelquadrato.com\/wp-content\/uploads\/I4A3656-copia-3-768x1117.jpg 768w, https:\/\/aboutblu.nelquadrato.com\/wp-content\/uploads\/I4A3656-copia-3.jpg 1000w\" sizes=\"auto, (max-width: 704px) 100vw, 704px\" \/>            <\/div>\n\n\n<\/div>\n\n\n<div style=\"height:115px\" aria-hidden=\"true\" class=\"wp-block-spacer\"><\/div>\n\n\n\n<div class=\"relative max-w-7xl px-8 mx-auto flex lg:min-h-[350px] xl:min-h-[500px] ab-home-section-block\">\n\n    <div class=\"relative w-[26rem] overflow-hidden md:overflow-visible mx-auto md:w-full flex flex-col md:flex-row ab-sec-sx\" data-aos=\"ab-home-section\">\n\n        <div class=\"ab-shade relative flex flex-col gap-7 md:gap-8 justify-between px-8 pt-8 md:pb-16 md:w-[70%] lg:w-3\/5 xl:w-1\/2 lg:p-12 mx:px-20 md:overflow-hidden bg-aqua md:bg-transparent  z-10\">\n            <svg class=\"hidden md:block absolute h-auto w-full top-0 text-aqua left-0\" viewBox=\"0 0 680 680\" xmlns=\"http:\/\/www.w3.org\/2000\/svg\">\n                <path class=\"origin-center rotate-90 md:rotate-0\" d=\"M 0 0 L 680 0 L 352.918 680 L 0 680 L 0 0 Z\" style=\"fill: currentColor;\"><\/path>\n            <\/svg>\n            <svg class=\"md:hidden absolute w-full h-auto bottom-0 left-0 scale-[1.02] translate-y-full text-aqua \" viewBox=\"0 0 570 274\" xmlns=\"http:\/\/www.w3.org\/2000\/svg\">\n                <path d=\"M 0 0 L 570 0 L 0 274.007 L 0 0 Z\" style=\"fill: currentColor;\"><\/path>\n            <\/svg>\n            <div class=\"relative max-w-lg \">\n                <h2 class=\"titolone uppercase mb-5 lg:mb-8 text-white\">FORME + MAT\u00c9RIAUX = CONFORT<\/h2>\n                <div class=\"testo md:pr-28 lg:pr-28 text-white\">Le bien-\u00eatre est garanti par la forme inalt\u00e9rable du moule combin\u00e9e exclusivement \u00e0 des mat\u00e9riaux con\u00e7us pour soulager les pieds au travail.<\/div>\n            <\/div>\n            \n                            <div class=\"relative \">\n                    <a href=\"\/fr\/tecnologie\/forme-anatomique\/\" class=\"cta absolute md:relative bg-light-blue text-white hover:bg-lime\">D\u00c9COUVREZ<\/a>\n                <\/div>\n                    <\/div>\n\n                                <img loading=\"lazy\" decoding=\"async\" width=\"1024\" height=\"651\" src=\"https:\/\/aboutblu.nelquadrato.com\/wp-content\/uploads\/I4A3562-copia-2-1024x651.jpg\" class=\"right-0 lg:[clip-path:polygon(45%_0,_100%_0,_100%_100%,_19%_100%)] xl:[clip-path:polygon(31%_0,_100%_0,_100%_100%,_4%_100%)] hidden md:block absolute md:w-[73%] max-w-full w-full top-0 h-full object-center object-cover ab-image\" alt=\"\" srcset=\"https:\/\/aboutblu.nelquadrato.com\/wp-content\/uploads\/I4A3562-copia-2-1024x651.jpg 1024w, https:\/\/aboutblu.nelquadrato.com\/wp-content\/uploads\/I4A3562-copia-2-300x191.jpg 300w, https:\/\/aboutblu.nelquadrato.com\/wp-content\/uploads\/I4A3562-copia-2-768x488.jpg 768w, https:\/\/aboutblu.nelquadrato.com\/wp-content\/uploads\/I4A3562-copia-2-1536x976.jpg 1536w, https:\/\/aboutblu.nelquadrato.com\/wp-content\/uploads\/I4A3562-copia-2.jpg 1700w\" sizes=\"auto, (max-width: 1024px) 100vw, 1024px\" \/>        \n                    <img loading=\"lazy\" decoding=\"async\" width=\"704\" height=\"1024\" src=\"https:\/\/aboutblu.nelquadrato.com\/wp-content\/uploads\/I4A3562-copia-3-704x1024.jpg\" class=\"md:hidden max-w-full w-full ab-image\" alt=\"\" srcset=\"https:\/\/aboutblu.nelquadrato.com\/wp-content\/uploads\/I4A3562-copia-3-704x1024.jpg 704w, https:\/\/aboutblu.nelquadrato.com\/wp-content\/uploads\/I4A3562-copia-3-206x300.jpg 206w, https:\/\/aboutblu.nelquadrato.com\/wp-content\/uploads\/I4A3562-copia-3-768x1117.jpg 768w, https:\/\/aboutblu.nelquadrato.com\/wp-content\/uploads\/I4A3562-copia-3.jpg 1000w\" sizes=\"auto, (max-width: 704px) 100vw, 704px\" \/>            <\/div>\n\n\n<\/div>\n\n\n<div style=\"height:115px\" aria-hidden=\"true\" class=\"wp-block-spacer\"><\/div>\n\n\n\n<div class=\"relative max-w-7xl px-8 mx-auto flex lg:min-h-[350px] xl:min-h-[500px] ab-home-section-block\">\n\n    <div class=\"relative w-[26rem] overflow-hidden md:overflow-visible mx-auto md:w-full flex flex-col md:flex-row-reverse ab-sec-dx\" data-aos=\"ab-home-section\">\n\n        <div class=\"ab-shade relative flex flex-col gap-7 md:gap-8 justify-between px-8 pt-8 md:pb-16 md:w-[70%] lg:w-3\/5 xl:w-1\/2 lg:p-12 mx:px-20 md:overflow-hidden bg-lime md:bg-transparent md:items-end z-10\">\n            <svg class=\"hidden md:block absolute h-auto w-full top-0 text-lime right-0 -scale-x-100 origin-center\" viewBox=\"0 0 680 680\" xmlns=\"http:\/\/www.w3.org\/2000\/svg\">\n                <path class=\"origin-center rotate-90 md:rotate-0\" d=\"M 0 0 L 680 0 L 352.918 680 L 0 680 L 0 0 Z\" style=\"fill: currentColor;\"><\/path>\n            <\/svg>\n            <svg class=\"md:hidden absolute w-full h-auto bottom-0 left-0 scale-[1.02] translate-y-full text-lime -scale-x-100 origin-center\" viewBox=\"0 0 570 274\" xmlns=\"http:\/\/www.w3.org\/2000\/svg\">\n                <path d=\"M 0 0 L 570 0 L 0 274.007 L 0 0 Z\" style=\"fill: currentColor;\"><\/path>\n            <\/svg>\n            <div class=\"relative max-w-lg text-right\">\n                <h2 class=\"titolone uppercase mb-5 lg:mb-8 text-violet\">S\u00c9CURIT\u00c9 + CONFORT = SANTE<\/h2>\n                <div class=\"testo md:pl-28 lg:pl-28 text-blue\">La chaussure Aboutblu va au-del\u00e0 du confort car elle respecte l&rsquo;anatomie du pied et donc la fonction posturale de l&rsquo;ensemble du corps. Aboutblu am\u00e9liore l&rsquo;activit\u00e9 musculaire en augmentant les performances au travail.<\/div>\n            <\/div>\n            \n                            <div class=\"relative flex justify-end\">\n                    <a href=\"https:\/\/progettopostura.panthersafety.it\/\" class=\"cta absolute md:relative bg-violet text-white hover:bg-aqua\">D\u00c9COUVREZ<\/a>\n                <\/div>\n                    <\/div>\n\n                                <img loading=\"lazy\" decoding=\"async\" width=\"1024\" height=\"669\" src=\"https:\/\/aboutblu.nelquadrato.com\/wp-content\/uploads\/I4A3163-copia-2-2-copia-e1697638097932-1024x669.jpg\" class=\"left-0 lg:[clip-path:polygon(0%_0,_55%_0,_83%_100%,_0_100%)] xl:[clip-path:polygon(0%_0,_70%_0,_96%_100%,_0_100%)] hidden md:block absolute md:w-[73%] max-w-full w-full top-0 h-full object-center object-cover ab-image\" alt=\"\" srcset=\"https:\/\/aboutblu.nelquadrato.com\/wp-content\/uploads\/I4A3163-copia-2-2-copia-e1697638097932-1024x669.jpg 1024w, https:\/\/aboutblu.nelquadrato.com\/wp-content\/uploads\/I4A3163-copia-2-2-copia-e1697638097932-300x196.jpg 300w, https:\/\/aboutblu.nelquadrato.com\/wp-content\/uploads\/I4A3163-copia-2-2-copia-e1697638097932-768x502.jpg 768w, https:\/\/aboutblu.nelquadrato.com\/wp-content\/uploads\/I4A3163-copia-2-2-copia-e1697638097932.jpg 1521w\" sizes=\"auto, (max-width: 1024px) 100vw, 1024px\" \/>        \n                    <img loading=\"lazy\" decoding=\"async\" width=\"704\" height=\"1024\" src=\"https:\/\/aboutblu.nelquadrato.com\/wp-content\/uploads\/I4A3163-copia-2-2-copia-2-704x1024.jpg\" class=\"md:hidden max-w-full w-full ab-image\" alt=\"\" srcset=\"https:\/\/aboutblu.nelquadrato.com\/wp-content\/uploads\/I4A3163-copia-2-2-copia-2-704x1024.jpg 704w, https:\/\/aboutblu.nelquadrato.com\/wp-content\/uploads\/I4A3163-copia-2-2-copia-2-206x300.jpg 206w, https:\/\/aboutblu.nelquadrato.com\/wp-content\/uploads\/I4A3163-copia-2-2-copia-2-768x1117.jpg 768w, https:\/\/aboutblu.nelquadrato.com\/wp-content\/uploads\/I4A3163-copia-2-2-copia-2.jpg 1000w\" sizes=\"auto, (max-width: 704px) 100vw, 704px\" \/>            <\/div>\n\n\n<\/div>","protected":false},"excerpt":{"rendered":"","protected":false},"author":1,"featured_media":1943,"parent":0,"menu_order":0,"comment_status":"closed","ping_status":"closed","template":"template-home.php","meta":{"footnotes":""},"class_list":["post-1959","page","type-page","status-publish","has-post-thumbnail","hentry"],"acf":[],"_links":{"self":[{"href":"https:\/\/aboutblu.nelquadrato.com\/fr\/wp-json\/wp\/v2\/pages\/1959","targetHints":{"allow":["GET"]}}],"collection":[{"href":"https:\/\/aboutblu.nelquadrato.com\/fr\/wp-json\/wp\/v2\/pages"}],"about":[{"href":"https:\/\/aboutblu.nelquadrato.com\/fr\/wp-json\/wp\/v2\/types\/page"}],"author":[{"embeddable":true,"href":"https:\/\/aboutblu.nelquadrato.com\/fr\/wp-json\/wp\/v2\/users\/1"}],"replies":[{"embeddable":true,"href":"https:\/\/aboutblu.nelquadrato.com\/fr\/wp-json\/wp\/v2\/comments?post=1959"}],"version-history":[{"count":7,"href":"https:\/\/aboutblu.nelquadrato.com\/fr\/wp-json\/wp\/v2\/pages\/1959\/revisions"}],"predecessor-version":[{"id":3701,"href":"https:\/\/aboutblu.nelquadrato.com\/fr\/wp-json\/wp\/v2\/pages\/1959\/revisions\/3701"}],"wp:featuredmedia":[{"embeddable":true,"href":"https:\/\/aboutblu.nelquadrato.com\/fr\/wp-json\/wp\/v2\/media\/1943"}],"wp:attachment":[{"href":"https:\/\/aboutblu.nelquadrato.com\/fr\/wp-json\/wp\/v2\/media?parent=1959"}],"curies":[{"name":"wp","href":"https:\/\/api.w.org\/{rel}","templated":true}]}}